{"id":360,"date":"2014-03-10T09:10:19","date_gmt":"2014-03-10T09:10:19","guid":{"rendered":"https:\/\/kiubete.lt\/?page_id=360"},"modified":"2014-04-10T22:37:42","modified_gmt":"2014-04-10T19:37:42","slug":"kontaktyi","status":"publish","type":"page","link":"https:\/\/kiubete.lt\/ru\/kontaktyi\/","title":{"rendered":"\u041a\u043e\u043d\u0442\u0430\u043a\u0442\u044b"},"content":{"rendered":"<p><span style=\"font-family: 'times new roman', times; font-size: large;\">\u041a\u0430\u0444\u0435 <strong><span style=\"font-size: x-large; color: #e89817;\">&#171;KIUB\u0116T\u0116&#187; <\/span><\/strong><\/span><br \/><span style=\"font-family: 'times new roman', times; font-size: large;\">Trak\u0173 g. 2D, Trakai LT-21105, Lietuva<\/span><br \/><span style=\"font-family: 'times new roman', times; font-size: large;\">\u0422\u0435\u043b. +370 528 59160<\/span><br \/><span style=\"font-family: 'times new roman', times; font-size: large;\">\u041c\u043e\u0431. \u0442\u0435\u043b. +370 686 39740<\/span><br \/><span style=\"font-family: 'times new roman', times; font-size: large;\">El. p.: kiubete.vizit@gmail.com<\/span><\/p>\n<p><strong><span style=\"font-family: 'times new roman', times; font-size: x-large; color: #e89817;\">\u0412\u0420\u0415\u041c\u042f \u0420\u0410\u0411\u041e\u0422\u042b:<\/span><\/strong><\/p>\n<p><span style=\"font-family: 'times new roman', times; font-size: large;\">I-VII 10.30 &#8212; 22.00<\/span><br \/><span style=\"font-family: 'times new roman', times; font-size: large;\">\u041b\u0435\u0442\u043e\u043c \u0434\u043e 23.00<\/span><\/p>\n","protected":false},"excerpt":{"rendered":"<p>\u041a\u0430\u0444\u0435 &#171;KIUB\u0116T\u0116&#187; Trak\u0173 g. 2D, Trakai LT-21105, Lietuva\u0422\u0435\u043b. +370 528 59160\u041c\u043e\u0431. \u0442\u0435\u043b. +370 686 39740El. p.: kiubete.vizit@gmail.com \u0412\u0420\u0415\u041c\u042f \u0420\u0410\u0411\u041e\u0422\u042b: I-VII 10.30 &#8212; 22.00\u041b\u0435\u0442\u043e\u043c \u0434\u043e 23.00<\/p>\n","protected":false},"author":1,"featured_media":0,"parent":0,"menu_order":0,"comment_status":"open","ping_status":"open","template":"tpl-page\/tpl-contacts.php","meta":[],"acf":[],"yoast_head":"<!-- This site is optimized with the Yoast SEO plugin v17.8 - https:\/\/yoast.com\/wordpress\/plugins\/seo\/ -->\n<meta name=\"robots\" content=\"index, follow, max-snippet:-1, max-image-preview:large, max-video-preview:-1\" \/>\n<link rel=\"canonical\" href=\"https:\/\/kiubete.lt\/ru\/kontaktyi\/\" \/>\n<meta property=\"og:locale\" content=\"ru_RU\" \/>\n<meta property=\"og:type\" content=\"article\" \/>\n<meta property=\"og:title\" content=\"\u041a\u043e\u043d\u0442\u0430\u043a\u0442\u044b - Kavin\u0117 Kiub\u0117t\u0117 Trakuose\" \/>\n<meta property=\"og:description\" content=\"\u041a\u0430\u0444\u0435 &#171;KIUB\u0116T\u0116&#187; Trak\u0173 g. 2D, Trakai LT-21105, Lietuva\u0422\u0435\u043b. +370 528 59160\u041c\u043e\u0431. \u0442\u0435\u043b. +370 686 39740El. p.: kiubete.vizit@gmail.com \u0412\u0420\u0415\u041c\u042f \u0420\u0410\u0411\u041e\u0422\u042b: I-VII 10.30 &#8212; 22.00\u041b\u0435\u0442\u043e\u043c \u0434\u043e 23.00\" \/>\n<meta property=\"og:url\" content=\"https:\/\/kiubete.lt\/ru\/kontaktyi\/\" \/>\n<meta property=\"og:site_name\" content=\"www.kiubete.lt\" \/>\n<meta property=\"article:modified_time\" content=\"2014-04-10T19:37:42+00:00\" \/>\n<meta name=\"twitter:card\" content=\"summary\" \/>\n<script type=\"application\/ld+json\" class=\"yoast-schema-graph\">{\"@context\":\"https:\/\/schema.org\",\"@graph\":[{\"@type\":\"WebSite\",\"@id\":\"https:\/\/kiubete.lt\/#website\",\"url\":\"https:\/\/kiubete.lt\/\",\"name\":\"www.kiubete.lt\",\"description\":\"Kavin\\u0117 &quot;Kiub\\u0117t\\u0117&quot;\",\"potentialAction\":[{\"@type\":\"SearchAction\",\"target\":{\"@type\":\"EntryPoint\",\"urlTemplate\":\"https:\/\/kiubete.lt\/?s={search_term_string}\"},\"query-input\":\"required name=search_term_string\"}],\"inLanguage\":\"ru-RU\"},{\"@type\":\"WebPage\",\"@id\":\"https:\/\/kiubete.lt\/ru\/kontaktyi\/#webpage\",\"url\":\"https:\/\/kiubete.lt\/ru\/kontaktyi\/\",\"name\":\"\\u041a\\u043e\\u043d\\u0442\\u0430\\u043a\\u0442\\u044b - Kavin\\u0117 Kiub\\u0117t\\u0117 Trakuose\",\"isPartOf\":{\"@id\":\"https:\/\/kiubete.lt\/#website\"},\"datePublished\":\"2014-03-10T09:10:19+00:00\",\"dateModified\":\"2014-04-10T19:37:42+00:00\",\"breadcrumb\":{\"@id\":\"https:\/\/kiubete.lt\/ru\/kontaktyi\/#breadcrumb\"},\"inLanguage\":\"ru-RU\",\"potentialAction\":[{\"@type\":\"ReadAction\",\"target\":[\"https:\/\/kiubete.lt\/ru\/kontaktyi\/\"]}]},{\"@type\":\"BreadcrumbList\",\"@id\":\"https:\/\/kiubete.lt\/ru\/kontaktyi\/#breadcrumb\",\"itemListElement\":[{\"@type\":\"ListItem\",\"position\":1,\"name\":\"Home\",\"item\":\"https:\/\/kiubete.lt\/\"},{\"@type\":\"ListItem\",\"position\":2,\"name\":\"\\u041a\\u043e\\u043d\\u0442\\u0430\\u043a\\u0442\\u044b\"}]}]}<\/script>\n<!-- \/ Yoast SEO plugin. -->","yoast_head_json":{"robots":{"index":"index","follow":"follow","max-snippet":"max-snippet:-1","max-image-preview":"max-image-preview:large","max-video-preview":"max-video-preview:-1"},"canonical":"https:\/\/kiubete.lt\/ru\/kontaktyi\/","og_locale":"ru_RU","og_type":"article","og_title":"\u041a\u043e\u043d\u0442\u0430\u043a\u0442\u044b - Kavin\u0117 Kiub\u0117t\u0117 Trakuose","og_description":"\u041a\u0430\u0444\u0435 &#171;KIUB\u0116T\u0116&#187; Trak\u0173 g. 2D, Trakai LT-21105, Lietuva\u0422\u0435\u043b. +370 528 59160\u041c\u043e\u0431. \u0442\u0435\u043b. +370 686 39740El. p.: kiubete.vizit@gmail.com \u0412\u0420\u0415\u041c\u042f \u0420\u0410\u0411\u041e\u0422\u042b: I-VII 10.30 &#8212; 22.00\u041b\u0435\u0442\u043e\u043c \u0434\u043e 23.00","og_url":"https:\/\/kiubete.lt\/ru\/kontaktyi\/","og_site_name":"www.kiubete.lt","article_modified_time":"2014-04-10T19:37:42+00:00","twitter_card":"summary","schema":{"@context":"https:\/\/schema.org","@graph":[{"@type":"WebSite","@id":"https:\/\/kiubete.lt\/#website","url":"https:\/\/kiubete.lt\/","name":"www.kiubete.lt","description":"Kavin\u0117 &quot;Kiub\u0117t\u0117&quot;","potentialAction":[{"@type":"SearchAction","target":{"@type":"EntryPoint","urlTemplate":"https:\/\/kiubete.lt\/?s={search_term_string}"},"query-input":"required name=search_term_string"}],"inLanguage":"ru-RU"},{"@type":"WebPage","@id":"https:\/\/kiubete.lt\/ru\/kontaktyi\/#webpage","url":"https:\/\/kiubete.lt\/ru\/kontaktyi\/","name":"\u041a\u043e\u043d\u0442\u0430\u043a\u0442\u044b - Kavin\u0117 Kiub\u0117t\u0117 Trakuose","isPartOf":{"@id":"https:\/\/kiubete.lt\/#website"},"datePublished":"2014-03-10T09:10:19+00:00","dateModified":"2014-04-10T19:37:42+00:00","breadcrumb":{"@id":"https:\/\/kiubete.lt\/ru\/kontaktyi\/#breadcrumb"},"inLanguage":"ru-RU","potentialAction":[{"@type":"ReadAction","target":["https:\/\/kiubete.lt\/ru\/kontaktyi\/"]}]},{"@type":"BreadcrumbList","@id":"https:\/\/kiubete.lt\/ru\/kontaktyi\/#breadcrumb","itemListElement":[{"@type":"ListItem","position":1,"name":"Home","item":"https:\/\/kiubete.lt\/"},{"@type":"ListItem","position":2,"name":"\u041a\u043e\u043d\u0442\u0430\u043a\u0442\u044b"}]}]}},"_links":{"self":[{"href":"https:\/\/kiubete.lt\/ru\/wp-json\/wp\/v2\/pages\/360"}],"collection":[{"href":"https:\/\/kiubete.lt\/ru\/wp-json\/wp\/v2\/pages"}],"about":[{"href":"https:\/\/kiubete.lt\/ru\/wp-json\/wp\/v2\/types\/page"}],"author":[{"embeddable":true,"href":"https:\/\/kiubete.lt\/ru\/wp-json\/wp\/v2\/users\/1"}],"replies":[{"embeddable":true,"href":"https:\/\/kiubete.lt\/ru\/wp-json\/wp\/v2\/comments?post=360"}],"version-history":[{"count":4,"href":"https:\/\/kiubete.lt\/ru\/wp-json\/wp\/v2\/pages\/360\/revisions"}],"predecessor-version":[{"id":472,"href":"https:\/\/kiubete.lt\/ru\/wp-json\/wp\/v2\/pages\/360\/revisions\/472"}],"wp:attachment":[{"href":"https:\/\/kiubete.lt\/ru\/wp-json\/wp\/v2\/media?parent=360"}],"curies":[{"name":"wp","href":"https:\/\/api.w.org\/{rel}","templated":true}]}}