{"id":367,"date":"2014-03-21T19:15:45","date_gmt":"2014-03-21T19:15:45","guid":{"rendered":"https:\/\/kiubete.lt\/?page_id=367"},"modified":"2014-03-29T22:03:48","modified_gmt":"2014-03-29T22:03:48","slug":"jadlospis","status":"publish","type":"page","link":"https:\/\/kiubete.lt\/pl\/jadlospis\/","title":{"rendered":"Jad\u0142ospis"},"content":{"rendered":"<p>&nbsp;<\/p>\n\n\t\t<style type=\"text\/css\">\n\t\t\t#gallery-1 {\n\t\t\t\tmargin: auto;\n\t\t\t}\n\t\t\t#gallery-1 .gallery-item {\n\t\t\t\tfloat: left;\n\t\t\t\tmargin-top: 10px;\n\t\t\t\ttext-align: center;\n\t\t\t\twidth: 33%;\n\t\t\t}\n\t\t\t#gallery-1 img {\n\t\t\t\tborder: 2px solid #cfcfcf;\n\t\t\t}\n\t\t\t#gallery-1 .gallery-caption {\n\t\t\t\tmargin-left: 0;\n\t\t\t}\n\t\t\t\/* see gallery_shortcode() in wp-includes\/media.php *\/\n\t\t<\/style>\n\t\t<div id='gallery-1' class='gallery galleryid-367 gallery-columns-3 gallery-size-thumbnail'><dl class='gallery-item'>\n\t\t\t<dt class='gallery-icon landscape'>\n\t\t\t\t<a href='https:\/\/kiubete.lt\/wp-content\/uploads\/2014\/03\/inx4.jpg'><img width=\"90\" height=\"90\" src=\"https:\/\/kiubete.lt\/wp-content\/uploads\/2014\/03\/inx4-90x90.jpg\" class=\"attachment-thumbnail size-thumbnail\" alt=\"\" loading=\"lazy\" srcset=\"https:\/\/kiubete.lt\/wp-content\/uploads\/2014\/03\/inx4-90x90.jpg 90w, https:\/\/kiubete.lt\/wp-content\/uploads\/2014\/03\/inx4-234x234.jpg 234w, https:\/\/kiubete.lt\/wp-content\/uploads\/2014\/03\/inx4.jpg 337w\" sizes=\"(max-width: 90px) 100vw, 90px\" \/><\/a>\n\t\t\t<\/dt><\/dl>\n\t\t\t<br style='clear: both' \/>\n\t\t<\/div>\n\n<p>&nbsp;<\/p>\n<p style=\"text-align: center;\">\n","protected":false},"excerpt":{"rendered":"<p>&nbsp; &nbsp;<\/p>\n","protected":false},"author":1,"featured_media":0,"parent":0,"menu_order":0,"comment_status":"open","ping_status":"open","template":"","meta":[],"acf":[],"yoast_head":"<!-- This site is optimized with the Yoast SEO plugin v17.8 - https:\/\/yoast.com\/wordpress\/plugins\/seo\/ -->\n<meta name=\"robots\" content=\"index, follow, max-snippet:-1, max-image-preview:large, max-video-preview:-1\" \/>\n<link rel=\"canonical\" href=\"https:\/\/kiubete.lt\/pl\/jadlospis\/\" \/>\n<meta property=\"og:locale\" content=\"pl_PL\" \/>\n<meta property=\"og:type\" content=\"article\" \/>\n<meta property=\"og:title\" content=\"Jad\u0142ospis - Kavin\u0117 Kiub\u0117t\u0117 Trakuose\" \/>\n<meta property=\"og:description\" content=\"&nbsp; &nbsp;\" \/>\n<meta property=\"og:url\" content=\"https:\/\/kiubete.lt\/pl\/jadlospis\/\" \/>\n<meta property=\"og:site_name\" content=\"www.kiubete.lt\" \/>\n<meta property=\"article:modified_time\" content=\"2014-03-29T22:03:48+00:00\" \/>\n<meta property=\"og:image\" content=\"https:\/\/kiubete.lt\/wp-content\/uploads\/2014\/03\/inx4-90x90.jpg\" \/>\n<meta name=\"twitter:card\" content=\"summary\" \/>\n<script type=\"application\/ld+json\" class=\"yoast-schema-graph\">{\"@context\":\"https:\/\/schema.org\",\"@graph\":[{\"@type\":\"WebSite\",\"@id\":\"https:\/\/kiubete.lt\/#website\",\"url\":\"https:\/\/kiubete.lt\/\",\"name\":\"www.kiubete.lt\",\"description\":\"Kavin\\u0117 &quot;Kiub\\u0117t\\u0117&quot;\",\"potentialAction\":[{\"@type\":\"SearchAction\",\"target\":{\"@type\":\"EntryPoint\",\"urlTemplate\":\"https:\/\/kiubete.lt\/?s={search_term_string}\"},\"query-input\":\"required name=search_term_string\"}],\"inLanguage\":\"pl-PL\"},{\"@type\":\"WebPage\",\"@id\":\"https:\/\/kiubete.lt\/pl\/jadlospis\/#webpage\",\"url\":\"https:\/\/kiubete.lt\/pl\/jadlospis\/\",\"name\":\"Jad\\u0142ospis - Kavin\\u0117 Kiub\\u0117t\\u0117 Trakuose\",\"isPartOf\":{\"@id\":\"https:\/\/kiubete.lt\/#website\"},\"datePublished\":\"2014-03-21T19:15:45+00:00\",\"dateModified\":\"2014-03-29T22:03:48+00:00\",\"breadcrumb\":{\"@id\":\"https:\/\/kiubete.lt\/pl\/jadlospis\/#breadcrumb\"},\"inLanguage\":\"pl-PL\",\"potentialAction\":[{\"@type\":\"ReadAction\",\"target\":[\"https:\/\/kiubete.lt\/pl\/jadlospis\/\"]}]},{\"@type\":\"BreadcrumbList\",\"@id\":\"https:\/\/kiubete.lt\/pl\/jadlospis\/#breadcrumb\",\"itemListElement\":[{\"@type\":\"ListItem\",\"position\":1,\"name\":\"Home\",\"item\":\"https:\/\/kiubete.lt\/\"},{\"@type\":\"ListItem\",\"position\":2,\"name\":\"Jad\\u0142ospis\"}]}]}<\/script>\n<!-- \/ Yoast SEO plugin. -->","yoast_head_json":{"robots":{"index":"index","follow":"follow","max-snippet":"max-snippet:-1","max-image-preview":"max-image-preview:large","max-video-preview":"max-video-preview:-1"},"canonical":"https:\/\/kiubete.lt\/pl\/jadlospis\/","og_locale":"pl_PL","og_type":"article","og_title":"Jad\u0142ospis - Kavin\u0117 Kiub\u0117t\u0117 Trakuose","og_description":"&nbsp; &nbsp;","og_url":"https:\/\/kiubete.lt\/pl\/jadlospis\/","og_site_name":"www.kiubete.lt","article_modified_time":"2014-03-29T22:03:48+00:00","og_image":[{"url":"https:\/\/kiubete.lt\/wp-content\/uploads\/2014\/03\/inx4-90x90.jpg"}],"twitter_card":"summary","schema":{"@context":"https:\/\/schema.org","@graph":[{"@type":"WebSite","@id":"https:\/\/kiubete.lt\/#website","url":"https:\/\/kiubete.lt\/","name":"www.kiubete.lt","description":"Kavin\u0117 &quot;Kiub\u0117t\u0117&quot;","potentialAction":[{"@type":"SearchAction","target":{"@type":"EntryPoint","urlTemplate":"https:\/\/kiubete.lt\/?s={search_term_string}"},"query-input":"required name=search_term_string"}],"inLanguage":"pl-PL"},{"@type":"WebPage","@id":"https:\/\/kiubete.lt\/pl\/jadlospis\/#webpage","url":"https:\/\/kiubete.lt\/pl\/jadlospis\/","name":"Jad\u0142ospis - Kavin\u0117 Kiub\u0117t\u0117 Trakuose","isPartOf":{"@id":"https:\/\/kiubete.lt\/#website"},"datePublished":"2014-03-21T19:15:45+00:00","dateModified":"2014-03-29T22:03:48+00:00","breadcrumb":{"@id":"https:\/\/kiubete.lt\/pl\/jadlospis\/#breadcrumb"},"inLanguage":"pl-PL","potentialAction":[{"@type":"ReadAction","target":["https:\/\/kiubete.lt\/pl\/jadlospis\/"]}]},{"@type":"BreadcrumbList","@id":"https:\/\/kiubete.lt\/pl\/jadlospis\/#breadcrumb","itemListElement":[{"@type":"ListItem","position":1,"name":"Home","item":"https:\/\/kiubete.lt\/"},{"@type":"ListItem","position":2,"name":"Jad\u0142ospis"}]}]}},"_links":{"self":[{"href":"https:\/\/kiubete.lt\/pl\/wp-json\/wp\/v2\/pages\/367"}],"collection":[{"href":"https:\/\/kiubete.lt\/pl\/wp-json\/wp\/v2\/pages"}],"about":[{"href":"https:\/\/kiubete.lt\/pl\/wp-json\/wp\/v2\/types\/page"}],"author":[{"embeddable":true,"href":"https:\/\/kiubete.lt\/pl\/wp-json\/wp\/v2\/users\/1"}],"replies":[{"embeddable":true,"href":"https:\/\/kiubete.lt\/pl\/wp-json\/wp\/v2\/comments?post=367"}],"version-history":[{"count":9,"href":"https:\/\/kiubete.lt\/pl\/wp-json\/wp\/v2\/pages\/367\/revisions"}],"predecessor-version":[{"id":432,"href":"https:\/\/kiubete.lt\/pl\/wp-json\/wp\/v2\/pages\/367\/revisions\/432"}],"wp:attachment":[{"href":"https:\/\/kiubete.lt\/pl\/wp-json\/wp\/v2\/media?parent=367"}],"curies":[{"name":"wp","href":"https:\/\/api.w.org\/{rel}","templated":true}]}}