{"id":361,"date":"2014-03-10T09:10:19","date_gmt":"2014-03-10T09:10:19","guid":{"rendered":"https:\/\/kiubete.lt\/?page_id=361"},"modified":"2014-04-11T12:03:41","modified_gmt":"2014-04-11T09:03:41","slug":"kontakty","status":"publish","type":"page","link":"https:\/\/kiubete.lt\/pl\/kontakty\/","title":{"rendered":"Kontakty"},"content":{"rendered":"<address><span style=\"font-size: x-large; font-family: 'times new roman', times;\">Restauracja <span style=\"font-size: xx-large; color: #e89817;\">&#8222;KIUB\u0116T\u0116&#8221;<\/span><\/span><br \/><span style=\"font-size: x-large; font-family: 'times new roman', times;\">Trak\u0173 g. 2D, LT-21105 Troki, Lietuva<\/span><br \/><span style=\"font-size: x-large; font-family: 'times new roman', times;\">Tel. +370 528 59160<\/span><br \/><span style=\"font-size: x-large; font-family: 'times new roman', times;\">Mob. tel. +370 686 39740<\/span><br \/><span style=\"font-size: x-large; font-family: 'times new roman', times;\">E-mail:.kiubete.vizit @ gmail.com<\/span><\/address>\n<address> <\/address>\n<address><strong><span style=\"font-family: 'times new roman', times; font-size: xx-large; color: #e89817;\">Godziny otwarcia:<\/span><\/strong><br \/><span style=\"font-size: x-large; font-family: 'times new roman', times;\">12:00 \u2013 23:00(wszystkie dni tygodnia)<\/span><br \/><span style=\"font-size: x-large; font-family: 'times new roman', times;\">W czasie sezonu letniego do 23.00<\/span><\/address>\n<address> <\/address>\n","protected":false},"excerpt":{"rendered":"<p>Restauracja &#8222;KIUB\u0116T\u0116&#8221;Trak\u0173 g. 2D, LT-21105 Troki, LietuvaTel. +370 528 59160Mob. tel. +370 686 39740E-mail:.kiubete.vizit @ gmail.com Godziny otwarcia:12:00 \u2013 23:00(wszystkie dni tygodnia)W czasie sezonu letniego do 23.00<\/p>\n","protected":false},"author":1,"featured_media":0,"parent":0,"menu_order":0,"comment_status":"open","ping_status":"open","template":"tpl-page\/tpl-contacts.php","meta":[],"acf":[],"yoast_head":"<!-- This site is optimized with the Yoast SEO plugin v17.8 - https:\/\/yoast.com\/wordpress\/plugins\/seo\/ -->\n<meta name=\"robots\" content=\"index, follow, max-snippet:-1, max-image-preview:large, max-video-preview:-1\" \/>\n<link rel=\"canonical\" href=\"https:\/\/kiubete.lt\/pl\/kontakty\/\" \/>\n<meta property=\"og:locale\" content=\"pl_PL\" \/>\n<meta property=\"og:type\" content=\"article\" \/>\n<meta property=\"og:title\" content=\"Kontakty - Kavin\u0117 Kiub\u0117t\u0117 Trakuose\" \/>\n<meta property=\"og:description\" content=\"Restauracja &#8222;KIUB\u0116T\u0116&#8221;Trak\u0173 g. 2D, LT-21105 Troki, LietuvaTel. +370 528 59160Mob. tel. +370 686 39740E-mail:.kiubete.vizit @ gmail.com Godziny otwarcia:12:00 \u2013 23:00(wszystkie dni tygodnia)W czasie sezonu letniego do 23.00\" \/>\n<meta property=\"og:url\" content=\"https:\/\/kiubete.lt\/pl\/kontakty\/\" \/>\n<meta property=\"og:site_name\" content=\"www.kiubete.lt\" \/>\n<meta property=\"article:modified_time\" content=\"2014-04-11T09:03:41+00:00\" \/>\n<meta name=\"twitter:card\" content=\"summary\" \/>\n<script type=\"application\/ld+json\" class=\"yoast-schema-graph\">{\"@context\":\"https:\/\/schema.org\",\"@graph\":[{\"@type\":\"WebSite\",\"@id\":\"https:\/\/kiubete.lt\/#website\",\"url\":\"https:\/\/kiubete.lt\/\",\"name\":\"www.kiubete.lt\",\"description\":\"Kavin\\u0117 &quot;Kiub\\u0117t\\u0117&quot;\",\"potentialAction\":[{\"@type\":\"SearchAction\",\"target\":{\"@type\":\"EntryPoint\",\"urlTemplate\":\"https:\/\/kiubete.lt\/?s={search_term_string}\"},\"query-input\":\"required name=search_term_string\"}],\"inLanguage\":\"pl-PL\"},{\"@type\":\"WebPage\",\"@id\":\"https:\/\/kiubete.lt\/pl\/kontakty\/#webpage\",\"url\":\"https:\/\/kiubete.lt\/pl\/kontakty\/\",\"name\":\"Kontakty - Kavin\\u0117 Kiub\\u0117t\\u0117 Trakuose\",\"isPartOf\":{\"@id\":\"https:\/\/kiubete.lt\/#website\"},\"datePublished\":\"2014-03-10T09:10:19+00:00\",\"dateModified\":\"2014-04-11T09:03:41+00:00\",\"breadcrumb\":{\"@id\":\"https:\/\/kiubete.lt\/pl\/kontakty\/#breadcrumb\"},\"inLanguage\":\"pl-PL\",\"potentialAction\":[{\"@type\":\"ReadAction\",\"target\":[\"https:\/\/kiubete.lt\/pl\/kontakty\/\"]}]},{\"@type\":\"BreadcrumbList\",\"@id\":\"https:\/\/kiubete.lt\/pl\/kontakty\/#breadcrumb\",\"itemListElement\":[{\"@type\":\"ListItem\",\"position\":1,\"name\":\"Home\",\"item\":\"https:\/\/kiubete.lt\/\"},{\"@type\":\"ListItem\",\"position\":2,\"name\":\"Kontakty\"}]}]}<\/script>\n<!-- \/ Yoast SEO plugin. -->","yoast_head_json":{"robots":{"index":"index","follow":"follow","max-snippet":"max-snippet:-1","max-image-preview":"max-image-preview:large","max-video-preview":"max-video-preview:-1"},"canonical":"https:\/\/kiubete.lt\/pl\/kontakty\/","og_locale":"pl_PL","og_type":"article","og_title":"Kontakty - Kavin\u0117 Kiub\u0117t\u0117 Trakuose","og_description":"Restauracja &#8222;KIUB\u0116T\u0116&#8221;Trak\u0173 g. 2D, LT-21105 Troki, LietuvaTel. +370 528 59160Mob. tel. +370 686 39740E-mail:.kiubete.vizit @ gmail.com Godziny otwarcia:12:00 \u2013 23:00(wszystkie dni tygodnia)W czasie sezonu letniego do 23.00","og_url":"https:\/\/kiubete.lt\/pl\/kontakty\/","og_site_name":"www.kiubete.lt","article_modified_time":"2014-04-11T09:03:41+00:00","twitter_card":"summary","schema":{"@context":"https:\/\/schema.org","@graph":[{"@type":"WebSite","@id":"https:\/\/kiubete.lt\/#website","url":"https:\/\/kiubete.lt\/","name":"www.kiubete.lt","description":"Kavin\u0117 &quot;Kiub\u0117t\u0117&quot;","potentialAction":[{"@type":"SearchAction","target":{"@type":"EntryPoint","urlTemplate":"https:\/\/kiubete.lt\/?s={search_term_string}"},"query-input":"required name=search_term_string"}],"inLanguage":"pl-PL"},{"@type":"WebPage","@id":"https:\/\/kiubete.lt\/pl\/kontakty\/#webpage","url":"https:\/\/kiubete.lt\/pl\/kontakty\/","name":"Kontakty - Kavin\u0117 Kiub\u0117t\u0117 Trakuose","isPartOf":{"@id":"https:\/\/kiubete.lt\/#website"},"datePublished":"2014-03-10T09:10:19+00:00","dateModified":"2014-04-11T09:03:41+00:00","breadcrumb":{"@id":"https:\/\/kiubete.lt\/pl\/kontakty\/#breadcrumb"},"inLanguage":"pl-PL","potentialAction":[{"@type":"ReadAction","target":["https:\/\/kiubete.lt\/pl\/kontakty\/"]}]},{"@type":"BreadcrumbList","@id":"https:\/\/kiubete.lt\/pl\/kontakty\/#breadcrumb","itemListElement":[{"@type":"ListItem","position":1,"name":"Home","item":"https:\/\/kiubete.lt\/"},{"@type":"ListItem","position":2,"name":"Kontakty"}]}]}},"_links":{"self":[{"href":"https:\/\/kiubete.lt\/pl\/wp-json\/wp\/v2\/pages\/361"}],"collection":[{"href":"https:\/\/kiubete.lt\/pl\/wp-json\/wp\/v2\/pages"}],"about":[{"href":"https:\/\/kiubete.lt\/pl\/wp-json\/wp\/v2\/types\/page"}],"author":[{"embeddable":true,"href":"https:\/\/kiubete.lt\/pl\/wp-json\/wp\/v2\/users\/1"}],"replies":[{"embeddable":true,"href":"https:\/\/kiubete.lt\/pl\/wp-json\/wp\/v2\/comments?post=361"}],"version-history":[{"count":5,"href":"https:\/\/kiubete.lt\/pl\/wp-json\/wp\/v2\/pages\/361\/revisions"}],"predecessor-version":[{"id":478,"href":"https:\/\/kiubete.lt\/pl\/wp-json\/wp\/v2\/pages\/361\/revisions\/478"}],"wp:attachment":[{"href":"https:\/\/kiubete.lt\/pl\/wp-json\/wp\/v2\/media?parent=361"}],"curies":[{"name":"wp","href":"https:\/\/api.w.org\/{rel}","templated":true}]}}