{"id":359,"date":"2014-03-10T09:10:19","date_gmt":"2014-03-10T09:10:19","guid":{"rendered":"https:\/\/kiubete.lt\/?page_id=359"},"modified":"2014-04-16T21:50:20","modified_gmt":"2014-04-16T18:50:20","slug":"contacts","status":"publish","type":"page","link":"https:\/\/kiubete.lt\/en\/contacts\/","title":{"rendered":"Contacts"},"content":{"rendered":"<p><span style=\"font-family: 'times new roman', times; font-size: large;\">Restaurant <strong><span style=\"font-size: x-large; color: #e89817;\">\u201cKIUB\u0116T\u0116\u201c<\/span><\/strong><\/span><br \/><span style=\"font-family: 'times new roman', times; font-size: large;\">Address: Trak\u0173 g. 2D, LT-21105, Trakai, Lithuania<\/span><br \/><span style=\"font-family: 'times new roman', times; font-size: large;\">Ph. 8 528 59160<\/span><br \/><span style=\"font-family: 'times new roman', times; font-size: large;\">Mob. Ph. +370 686 39740<\/span><br \/><span style=\"font-family: 'times new roman', times; font-size: large;\">E-mail. kiubete.vizit @gmail.com<\/span><\/p>\n<p><strong><span style=\"font-family: 'times new roman', times; font-size: x-large; color: #e89817;\">Opening hours:<\/span><\/strong><br \/><span style=\"font-family: 'times new roman', times; font-size: large;\">winter time: 10.30 \u2013 22.00<\/span><br \/><span style=\"font-family: 'times new roman', times; font-size: large;\">summer time: 10.30 \u2013 23.00<\/span><\/p>\n","protected":false},"excerpt":{"rendered":"<p>Restaurant \u201cKIUB\u0116T\u0116\u201cAddress: Trak\u0173 g. 2D, LT-21105, Trakai, LithuaniaPh. 8 528 59160Mob. Ph. +370 686 39740E-mail. kiubete.vizit @gmail.com Opening hours:winter time: 10.30 \u2013 22.00summer time: 10.30 \u2013 23.00<\/p>\n","protected":false},"author":1,"featured_media":0,"parent":0,"menu_order":0,"comment_status":"open","ping_status":"open","template":"tpl-page\/tpl-contacts.php","meta":[],"acf":[],"yoast_head":"<!-- This site is optimized with the Yoast SEO plugin v17.8 - https:\/\/yoast.com\/wordpress\/plugins\/seo\/ -->\n<meta name=\"robots\" content=\"index, follow, max-snippet:-1, max-image-preview:large, max-video-preview:-1\" \/>\n<link rel=\"canonical\" href=\"https:\/\/kiubete.lt\/en\/contacts\/\" \/>\n<meta property=\"og:locale\" content=\"en_GB\" \/>\n<meta property=\"og:type\" content=\"article\" \/>\n<meta property=\"og:title\" content=\"Contacts - Kavin\u0117 Kiub\u0117t\u0117 Trakuose\" \/>\n<meta property=\"og:description\" content=\"Restaurant \u201cKIUB\u0116T\u0116\u201cAddress: Trak\u0173 g. 2D, LT-21105, Trakai, LithuaniaPh. 8 528 59160Mob. Ph. +370 686 39740E-mail. kiubete.vizit @gmail.com Opening hours:winter time: 10.30 \u2013 22.00summer time: 10.30 \u2013 23.00\" \/>\n<meta property=\"og:url\" content=\"https:\/\/kiubete.lt\/en\/contacts\/\" \/>\n<meta property=\"og:site_name\" content=\"www.kiubete.lt\" \/>\n<meta property=\"article:modified_time\" content=\"2014-04-16T18:50:20+00:00\" \/>\n<meta name=\"twitter:card\" content=\"summary\" \/>\n<script type=\"application\/ld+json\" class=\"yoast-schema-graph\">{\"@context\":\"https:\/\/schema.org\",\"@graph\":[{\"@type\":\"WebSite\",\"@id\":\"https:\/\/kiubete.lt\/#website\",\"url\":\"https:\/\/kiubete.lt\/\",\"name\":\"www.kiubete.lt\",\"description\":\"Kavin\\u0117 &quot;Kiub\\u0117t\\u0117&quot;\",\"potentialAction\":[{\"@type\":\"SearchAction\",\"target\":{\"@type\":\"EntryPoint\",\"urlTemplate\":\"https:\/\/kiubete.lt\/?s={search_term_string}\"},\"query-input\":\"required name=search_term_string\"}],\"inLanguage\":\"en-GB\"},{\"@type\":\"WebPage\",\"@id\":\"https:\/\/kiubete.lt\/en\/contacts\/#webpage\",\"url\":\"https:\/\/kiubete.lt\/en\/contacts\/\",\"name\":\"Contacts - Kavin\\u0117 Kiub\\u0117t\\u0117 Trakuose\",\"isPartOf\":{\"@id\":\"https:\/\/kiubete.lt\/#website\"},\"datePublished\":\"2014-03-10T09:10:19+00:00\",\"dateModified\":\"2014-04-16T18:50:20+00:00\",\"breadcrumb\":{\"@id\":\"https:\/\/kiubete.lt\/en\/contacts\/#breadcrumb\"},\"inLanguage\":\"en-GB\",\"potentialAction\":[{\"@type\":\"ReadAction\",\"target\":[\"https:\/\/kiubete.lt\/en\/contacts\/\"]}]},{\"@type\":\"BreadcrumbList\",\"@id\":\"https:\/\/kiubete.lt\/en\/contacts\/#breadcrumb\",\"itemListElement\":[{\"@type\":\"ListItem\",\"position\":1,\"name\":\"Home\",\"item\":\"https:\/\/kiubete.lt\/\"},{\"@type\":\"ListItem\",\"position\":2,\"name\":\"Contacts\"}]}]}<\/script>\n<!-- \/ Yoast SEO plugin. -->","yoast_head_json":{"robots":{"index":"index","follow":"follow","max-snippet":"max-snippet:-1","max-image-preview":"max-image-preview:large","max-video-preview":"max-video-preview:-1"},"canonical":"https:\/\/kiubete.lt\/en\/contacts\/","og_locale":"en_GB","og_type":"article","og_title":"Contacts - Kavin\u0117 Kiub\u0117t\u0117 Trakuose","og_description":"Restaurant \u201cKIUB\u0116T\u0116\u201cAddress: Trak\u0173 g. 2D, LT-21105, Trakai, LithuaniaPh. 8 528 59160Mob. Ph. +370 686 39740E-mail. kiubete.vizit @gmail.com Opening hours:winter time: 10.30 \u2013 22.00summer time: 10.30 \u2013 23.00","og_url":"https:\/\/kiubete.lt\/en\/contacts\/","og_site_name":"www.kiubete.lt","article_modified_time":"2014-04-16T18:50:20+00:00","twitter_card":"summary","schema":{"@context":"https:\/\/schema.org","@graph":[{"@type":"WebSite","@id":"https:\/\/kiubete.lt\/#website","url":"https:\/\/kiubete.lt\/","name":"www.kiubete.lt","description":"Kavin\u0117 &quot;Kiub\u0117t\u0117&quot;","potentialAction":[{"@type":"SearchAction","target":{"@type":"EntryPoint","urlTemplate":"https:\/\/kiubete.lt\/?s={search_term_string}"},"query-input":"required name=search_term_string"}],"inLanguage":"en-GB"},{"@type":"WebPage","@id":"https:\/\/kiubete.lt\/en\/contacts\/#webpage","url":"https:\/\/kiubete.lt\/en\/contacts\/","name":"Contacts - Kavin\u0117 Kiub\u0117t\u0117 Trakuose","isPartOf":{"@id":"https:\/\/kiubete.lt\/#website"},"datePublished":"2014-03-10T09:10:19+00:00","dateModified":"2014-04-16T18:50:20+00:00","breadcrumb":{"@id":"https:\/\/kiubete.lt\/en\/contacts\/#breadcrumb"},"inLanguage":"en-GB","potentialAction":[{"@type":"ReadAction","target":["https:\/\/kiubete.lt\/en\/contacts\/"]}]},{"@type":"BreadcrumbList","@id":"https:\/\/kiubete.lt\/en\/contacts\/#breadcrumb","itemListElement":[{"@type":"ListItem","position":1,"name":"Home","item":"https:\/\/kiubete.lt\/"},{"@type":"ListItem","position":2,"name":"Contacts"}]}]}},"_links":{"self":[{"href":"https:\/\/kiubete.lt\/en\/wp-json\/wp\/v2\/pages\/359"}],"collection":[{"href":"https:\/\/kiubete.lt\/en\/wp-json\/wp\/v2\/pages"}],"about":[{"href":"https:\/\/kiubete.lt\/en\/wp-json\/wp\/v2\/types\/page"}],"author":[{"embeddable":true,"href":"https:\/\/kiubete.lt\/en\/wp-json\/wp\/v2\/users\/1"}],"replies":[{"embeddable":true,"href":"https:\/\/kiubete.lt\/en\/wp-json\/wp\/v2\/comments?post=359"}],"version-history":[{"count":6,"href":"https:\/\/kiubete.lt\/en\/wp-json\/wp\/v2\/pages\/359\/revisions"}],"predecessor-version":[{"id":479,"href":"https:\/\/kiubete.lt\/en\/wp-json\/wp\/v2\/pages\/359\/revisions\/479"}],"wp:attachment":[{"href":"https:\/\/kiubete.lt\/en\/wp-json\/wp\/v2\/media?parent=359"}],"curies":[{"name":"wp","href":"https:\/\/api.w.org\/{rel}","templated":true}]}}